{"id":2157,"date":"2016-11-15T22:14:54","date_gmt":"2016-11-15T21:14:54","guid":{"rendered":"http:\/\/www.seedarchitects.nl\/?page_id=2157"},"modified":"2017-02-28T09:42:35","modified_gmt":"2017-02-28T08:42:35","slug":"sustainability","status":"publish","type":"page","link":"https:\/\/www.seedarchitects.nl\/nl\/sustainability\/","title":{"rendered":"Sustainability"},"content":{"rendered":"[vc_row][vc_column][mk_padding_divider][mk_title_box margin_bottom=&#8221;0&#8243; font_family=&#8221;none&#8221;]\n<h2>SUSTAINABILITY<\/h2>\n[\/mk_title_box][\/vc_column][\/vc_row][vc_row fullwidth=&#8221;true&#8221;][vc_column][mk_image src=&#8221;http:\/\/www.seedarchitects.nl\/wp-content\/uploads\/Wanica_6_1_1920x400.jpg&#8221; image_size=&#8221;full&#8221;][\/vc_column][\/vc_row][vc_row css=&#8221;.vc_custom_1479245888275{padding-top: 40px !important;}&#8221;][vc_column][vc_column_text]\n<h3>Wat is duurzaam?<\/h3>\n<p>Duurzaam. Een actueel begrip met een positieve associatie. In de praktijk blijkt dat er echter veel verschillende interpretaties bestaan van begrippen als duurzaam bouwen, kosten bewust ontwerpen en energiezuinig bouwen.<\/p>\n<p>De definitie voor \u2018duurzame ontwikkeling&#8217; van de VN-commissie Brundtland uit 1987 luidt: <em>de ontwikkeling die aansluit op de behoeften van het heden, zonder het vermogen van toekomstige generaties om in hun eigen behoeften te voorzien in gevaar te brengen. <\/em>SEED architecten geeft daaraan zijn eigen definitie. Dit heeft geleid tot tien aspecten die samen bepalen hoe duurzaam een gebouw is.[\/vc_column_text][mk_image src=&#8221;http:\/\/www.seedarchitects.nl\/wp-content\/uploads\/duurzaamheid-uk_1920x1080.jpg&#8221; image_width=&#8221;1920&#8243; image_height=&#8221;1200&#8243; margin_bottom=&#8221;0&#8243;][mk_padding_divider][vc_column_text]\n<h3>Tien aspecten bepalen duurzaamheid<\/h3>\n<p>De gezamenlijke score van de tien aspecten be\u00efnvloedt de mate van duurzaamheid. Wanneer aan \u00e9\u00e9n van de tien begrippen niet of nauwelijks wordt voldaan, zal een gebouw niet duurzaam zijn en vroegtijdig worden gesloopt. In de praktijk betekent dat bijvoorbeeld: een zeer energiezuinig gebouw in een totaal onbereikbare omgeving zal niet duurzaam zijn. Ook een gebouw dat overal goed op scoort, maar als \u201clelijk\u201d kan worden aangemerkt, zal geen lang leven beschoren zijn. Het ontwerpproces zal ons inziens een brede verkenning moeten zijn, de tien \u2018ijkpunten\u2019 maken duidelijk welke afwegingen gemaakt moeten worden. Er is een balans nodig in de duurzaamheidsaspecten.[\/vc_column_text][\/vc_column][\/vc_row][vc_row][vc_column width=&#8221;1\/6&#8243;][mk_image src=&#8221;http:\/\/www.seedarchitects.nl\/wp-content\/uploads\/surrounding.jpg&#8221; image_width=&#8221;87&#8243; image_height=&#8221;84&#8243;][\/vc_column][vc_column width=&#8221;5\/6&#8243;][vc_column_text disable_pattern=&#8221;false&#8221;]<b>Environment<\/b><br \/>\nDe locatie is vaak een gegeven. De plek dient kwaliteiten te bieden die ten volle kunnen worden benut. Als er optimaal van een unieke plek kan worden geprofiteerd en er waarde aan kan worden toegevoegd, wordt zowel het betreffende gebouw als de omgeving er duurzamer van.[\/vc_column_text][\/vc_column][\/vc_row][vc_row][vc_column width=&#8221;1\/6&#8243;][mk_image src=&#8221;http:\/\/www.seedarchitects.nl\/wp-content\/uploads\/connectivity.jpg&#8221; image_width=&#8221;87&#8243; image_height=&#8221;84&#8243;][\/vc_column][vc_column width=&#8221;5\/6&#8243;][vc_column_text disable_pattern=&#8221;false&#8221;]<b>Accessibility<\/b><br \/>\nDe bereikbaarheid van een gebouw is van groot belang voor het functioneren. In algemene zin heeft een goed bereikbaar gebouw een grotere waarde en is daarmee duurzamer. Een belangrijk punt dat het duurzame karakter behoorlijk verhoogt is een goede bereikbaarheid met het openbaar vervoer.[\/vc_column_text][\/vc_column][\/vc_row][vc_row css=&#8221;.vc_custom_1479244479835{padding-top: 0px !important;padding-right: 0px !important;padding-bottom: 0px !important;padding-left: 0px !important;}&#8221;][vc_column width=&#8221;1\/6&#8243;][mk_image src=&#8221;http:\/\/www.seedarchitects.nl\/wp-content\/uploads\/lifetime.jpg&#8221; image_width=&#8221;87&#8243; image_height=&#8221;84&#8243;][\/vc_column][vc_column width=&#8221;5\/6&#8243;][vc_column_text disable_pattern=&#8221;false&#8221;]<b>Lifetime<\/b><br \/>\nDoor het realiseren van een zeer goed aanpasbaar gebouw, geschikt voor meerdere functies, wordt de levensduur van het gebouw initieel verlengd. Functiewisselingen binnen een gebouw kunnen denkbaar zijn, maar ook een herbestemming van het gebouw kan worden voorgesteld. De \u2018lifetime\u2019 van een gebouw kan sterk worden verlengd, als een gebouw optimaal aanpasbaar aan toekomstige verandering is.[\/vc_column_text][\/vc_column][\/vc_row][vc_row][vc_column width=&#8221;1\/6&#8243;][mk_image src=&#8221;http:\/\/www.seedarchitects.nl\/wp-content\/uploads\/material-use.jpg&#8221; image_width=&#8221;87&#8243; image_height=&#8221;84&#8243;][\/vc_column][vc_column width=&#8221;5\/6&#8243;][vc_column_text disable_pattern=&#8221;false&#8221;]<b>Material use<\/b><br \/>\nIn een ontwerp wordt gestreefd naar zoveel mogelijk duurzaam gebruik van materialen. Deze mogen dus weinig energie kosten in productie en vervoer. Ook moeten de materialen hergebruikt kunnen worden, mogen ze slechts weinig onderhoud vergen en\/of bij de productie weinig of geen schade aan de omgeving aanbrengen.[\/vc_column_text][\/vc_column][\/vc_row][vc_row][vc_column width=&#8221;1\/6&#8243;][mk_image src=&#8221;http:\/\/www.seedarchitects.nl\/wp-content\/uploads\/waste.jpg&#8221; image_width=&#8221;87&#8243; image_height=&#8221;84&#8243;][\/vc_column][vc_column width=&#8221;5\/6&#8243;][vc_column_text disable_pattern=&#8221;false&#8221;]<b>Waste flows<\/b><br \/>\nHet goed omgaan met afval (met als eerste doel het ontstaan van afval te vermijden) is een onderdeel waarmee een gebruikersorganisatie bewust bezig kan zijn. Het is mogelijk om goederen-\/afvaltransportlijnen in een ontwerp te integreren. Een stap hoger op de duurzaamheidladder is het mogelijk gebruik van eigen afval als brandstof voor toekomstige energieopwekking.[\/vc_column_text][\/vc_column][\/vc_row][vc_row][vc_column width=&#8221;1\/6&#8243;][mk_image src=&#8221;http:\/\/www.seedarchitects.nl\/wp-content\/uploads\/CO2-emissions.jpg&#8221; image_width=&#8221;87&#8243; image_height=&#8221;84&#8243;][\/vc_column][vc_column width=&#8221;5\/6&#8243;][vc_column_text disable_pattern=&#8221;false&#8221;]<b>CO2-emissions<\/b><br \/>\nAlhoewel we bij er de bouw naar streven om de CO2-uitstoot zoveel mogelijk te beperken, moet de echte besparing komen uit de gebruiksfase van het gebouw.<br \/>\nVeel elementen van C)2-reductie kunnen in het gebouw worden opgenomen: optimale isolatie, koude- en warmteopslag in de bodem, terugwinning van energie, uitgekiende zonwering, daglichtafhankelijke verlichting, aanwezigheidsdetectie, etc. Dit kan een grote hoeveelheid CO2-uitstoot besparen.<br \/>\n[\/vc_column_text][\/vc_column][\/vc_row][vc_row][vc_column width=&#8221;1\/6&#8243;][mk_image src=&#8221;http:\/\/www.seedarchitects.nl\/wp-content\/uploads\/safety-health.jpg&#8221; image_width=&#8221;87&#8243; image_height=&#8221;84&#8243;][\/vc_column][vc_column width=&#8221;5\/6&#8243;][vc_column_text disable_pattern=&#8221;false&#8221;]<b>Safety \/ Health<\/b><br \/>\nEen duurzaam gebouw is veilig en gezond. Dat spreekt bijna voor zich. Bij een ontwerp (zowel in hoofdlijnen als details) van een gebouw kan direct rekening worden gehouden met kinderen, ouderen, mensen die slecht ter been zijn en bijvoorbeeld mensen in een rolstoel.<br \/>\nEen gezond gebouw is een gebouw zonder ongezonde materialen, waar voldoende daglicht is, met op diverse plaatsen uitzicht, waar men contact heeft met buiten, met de natuur, waar gebruikte materialen niet onnodig leiden tot geluidsoverlast, etc.[\/vc_column_text][\/vc_column][\/vc_row][vc_row][vc_column width=&#8221;1\/6&#8243;][mk_image src=&#8221;http:\/\/www.seedarchitects.nl\/wp-content\/uploads\/user-value.jpg&#8221; image_width=&#8221;87&#8243; image_height=&#8221;84&#8243;][\/vc_column][vc_column width=&#8221;5\/6&#8243;][vc_column_text disable_pattern=&#8221;false&#8221;]<b>User value<\/b><br \/>\nDe gebruikswaarde van een concept staat voorop. Een ontwerp is opgebouwd met maatregelen om de gebruikswaarde van het gebouw zo hoog mogelijk te maken. Met aanpassingsmogelijkheden van een gebouw kan het naadloos aan blijven sluiten bij de ruimtebehoefte die de mensen kunnen hebben.[\/vc_column_text][\/vc_column][\/vc_row][vc_row][vc_column width=&#8221;1\/6&#8243;][mk_image src=&#8221;http:\/\/www.seedarchitects.nl\/wp-content\/uploads\/energy-flows.jpg&#8221; image_width=&#8221;87&#8243; image_height=&#8221;84&#8243;][\/vc_column][vc_column width=&#8221;5\/6&#8243;][vc_column_text disable_pattern=&#8221;false&#8221;]<b>Energy flows<\/b><br \/>\nEen ontwerp is gericht op een duurzaam en energiezuinig gebouw. Een optimaal Gebouw Management Systeem waarborgt het daadwerkelijke monitoren, analyseren en beheren van de energiestromen. Hiermee wordt een ontwerp ook de echte werkelijkheid. Er zijn vele manieren om goed om te gaan met energie. Zoals energieopslag in de bodem van een gebouw, energiestromen delen met omliggende organisaties, gebruik van zonne- en windenergie, etc.[\/vc_column_text][\/vc_column][\/vc_row][vc_row][vc_column width=&#8221;1\/6&#8243;][mk_image src=&#8221;http:\/\/www.seedarchitects.nl\/wp-content\/uploads\/beauty.jpg&#8221; image_width=&#8221;87&#8243; image_height=&#8221;84&#8243;][\/vc_column][vc_column width=&#8221;5\/6&#8243;][vc_column_text disable_pattern=&#8221;false&#8221;]<b>Beauty<\/b><br \/>\nElk gebouw zou het predicaat \u2018mooi\u2019 moeten kunnen krijgen. En mooi wordt het, als het zich voegt op zijn plek, als het boeit en als het kan worden beleefd. Ook als er zorg aan de detaillering en het materiaalgebruik is besteed, als licht een gebouw op verschillende manieren kan tonen, als het gebouw betekenis heeft in zijn omgeving, en ga zo maar door. Maar dit is niet tijdloos. Tijd zal nieuwe definities van \u201cmooi\u201d kennen! Daarom heeft een gebouw karakter nodig om het te laten zijn wat wil zijn.[\/vc_column_text][\/vc_column][\/vc_row][vc_row fullwidth=&#8221;true&#8221;][vc_column][mk_button dimension=&#8221;flat&#8221; size=&#8221;xx-large&#8221; url=&#8221;http:\/\/www.seedarchitects.nl\/en\/contact\/&#8221; fullwidth=&#8221;true&#8221; animation=&#8221;left-to-right&#8221;]NEEM CONTACT MET ONS OP<\/p>\n[\/mk_button][\/vc_column][\/vc_row]","protected":false},"excerpt":{"rendered":"<p>[vc_row][vc_column][mk_padding_divider][mk_title_box margin_bottom=&#8221;0&#8243; font_family=&#8221;none&#8221;] SUSTAINABILITY [\/mk_title_box][\/vc_column][\/vc_row][vc_row fullwidth=&#8221;true&#8221;][vc_column][mk_image src=&#8221;http:\/\/www.seedarchitects.nl\/wp-content\/uploads\/Wanica_6_1_1920x400.jpg&#8221; image_size=&#8221;full&#8221;][\/vc_column][\/vc_row][vc_row css=&#8221;.vc_custom_1479245888275{padding-top: 40px !important;}&#8221;][vc_column][vc_column_text] Wat is duurzaam? Duurzaam. Een actueel begrip met een positieve associatie. In de praktijk blijkt dat er echter veel verschillende interpretaties bestaan van begrippen als duurzaam bouwen, kosten bewust ontwerpen en energiezuinig bouwen. De definitie voor \u2018duurzame ontwikkeling&#8217; van de VN-commissie Brundtland uit 1987 [&hellip;]<\/p>\n","protected":false},"author":2,"featured_media":2170,"parent":0,"menu_order":0,"comment_status":"open","ping_status":"open","template":"","meta":{"footnotes":""},"class_list":["post-2157","page","type-page","status-publish","has-post-thumbnail","hentry"],"yoast_head":"<!-- This site is optimized with the Yoast SEO plugin v19.13 - https:\/\/yoast.com\/wordpress\/plugins\/seo\/ -->\n<title>SEED gaat voor duurzaam - SEED Architects<\/title>\n<meta name=\"description\" content=\"Wij staan achter een duurzame ontwikkeling van projecten. Duurzaam bouwen, kosten bewust ontwerpen en energiezuinig bouwen.\" \/>\n<meta name=\"robots\" content=\"index, follow, max-snippet:-1, max-image-preview:large, max-video-preview:-1\" \/>\n<link rel=\"canonical\" href=\"https:\/\/www.seedarchitects.nl\/nl\/sustainability\/\" \/>\n<meta property=\"og:locale\" content=\"nl_NL\" \/>\n<meta property=\"og:type\" content=\"article\" \/>\n<meta property=\"og:title\" content=\"SEED gaat voor duurzaam - SEED Architects\" \/>\n<meta property=\"og:description\" content=\"Wij staan achter een duurzame ontwikkeling van projecten. Duurzaam bouwen, kosten bewust ontwerpen en energiezuinig bouwen.\" \/>\n<meta property=\"og:url\" content=\"https:\/\/www.seedarchitects.nl\/nl\/sustainability\/\" \/>\n<meta property=\"og:site_name\" content=\"SEED architects\" \/>\n<meta property=\"article:modified_time\" content=\"2017-02-28T08:42:35+00:00\" \/>\n<meta property=\"og:image\" content=\"https:\/\/www.seedarchitects.nl\/wp-content\/uploads\/duurzaamheid-uk_1920x1080.jpg\" \/>\n\t<meta property=\"og:image:width\" content=\"1920\" \/>\n\t<meta property=\"og:image:height\" content=\"1080\" \/>\n\t<meta property=\"og:image:type\" content=\"image\/jpeg\" \/>\n<meta name=\"twitter:card\" content=\"summary_large_image\" \/>\n<meta name=\"twitter:label1\" content=\"Geschatte leestijd\" \/>\n\t<meta name=\"twitter:data1\" content=\"14 minuten\" \/>\n<script type=\"application\/ld+json\" class=\"yoast-schema-graph\">{\"@context\":\"https:\/\/schema.org\",\"@graph\":[{\"@type\":\"WebPage\",\"@id\":\"https:\/\/www.seedarchitects.nl\/nl\/sustainability\/\",\"url\":\"https:\/\/www.seedarchitects.nl\/nl\/sustainability\/\",\"name\":\"SEED gaat voor duurzaam - SEED Architects\",\"isPartOf\":{\"@id\":\"https:\/\/www.seedarchitects.nl\/nl\/#website\"},\"datePublished\":\"2016-11-15T21:14:54+00:00\",\"dateModified\":\"2017-02-28T08:42:35+00:00\",\"description\":\"Wij staan achter een duurzame ontwikkeling van projecten. Duurzaam bouwen, kosten bewust ontwerpen en energiezuinig bouwen.\",\"breadcrumb\":{\"@id\":\"https:\/\/www.seedarchitects.nl\/nl\/sustainability\/#breadcrumb\"},\"inLanguage\":\"nl-NL\",\"potentialAction\":[{\"@type\":\"ReadAction\",\"target\":[\"https:\/\/www.seedarchitects.nl\/nl\/sustainability\/\"]}]},{\"@type\":\"BreadcrumbList\",\"@id\":\"https:\/\/www.seedarchitects.nl\/nl\/sustainability\/#breadcrumb\",\"itemListElement\":[{\"@type\":\"ListItem\",\"position\":1,\"name\":\"Home\",\"item\":\"https:\/\/www.seedarchitects.nl\/nl\/\"},{\"@type\":\"ListItem\",\"position\":2,\"name\":\"Sustainability\"}]},{\"@type\":\"WebSite\",\"@id\":\"https:\/\/www.seedarchitects.nl\/nl\/#website\",\"url\":\"https:\/\/www.seedarchitects.nl\/nl\/\",\"name\":\"SEED architects\",\"description\":\"Goede architectuur volgt op een goed conceptuele analyse.\",\"potentialAction\":[{\"@type\":\"SearchAction\",\"target\":{\"@type\":\"EntryPoint\",\"urlTemplate\":\"https:\/\/www.seedarchitects.nl\/nl\/?s={search_term_string}\"},\"query-input\":\"required name=search_term_string\"}],\"inLanguage\":\"nl-NL\"}]}<\/script>\n<!-- \/ Yoast SEO plugin. -->","yoast_head_json":{"title":"SEED gaat voor duurzaam - SEED Architects","description":"Wij staan achter een duurzame ontwikkeling van projecten. Duurzaam bouwen, kosten bewust ontwerpen en energiezuinig bouwen.","robots":{"index":"index","follow":"follow","max-snippet":"max-snippet:-1","max-image-preview":"max-image-preview:large","max-video-preview":"max-video-preview:-1"},"canonical":"https:\/\/www.seedarchitects.nl\/nl\/sustainability\/","og_locale":"nl_NL","og_type":"article","og_title":"SEED gaat voor duurzaam - SEED Architects","og_description":"Wij staan achter een duurzame ontwikkeling van projecten. Duurzaam bouwen, kosten bewust ontwerpen en energiezuinig bouwen.","og_url":"https:\/\/www.seedarchitects.nl\/nl\/sustainability\/","og_site_name":"SEED architects","article_modified_time":"2017-02-28T08:42:35+00:00","og_image":[{"width":1920,"height":1080,"url":"https:\/\/www.seedarchitects.nl\/wp-content\/uploads\/duurzaamheid-uk_1920x1080.jpg","type":"image\/jpeg"}],"twitter_card":"summary_large_image","twitter_misc":{"Geschatte leestijd":"14 minuten"},"schema":{"@context":"https:\/\/schema.org","@graph":[{"@type":"WebPage","@id":"https:\/\/www.seedarchitects.nl\/nl\/sustainability\/","url":"https:\/\/www.seedarchitects.nl\/nl\/sustainability\/","name":"SEED gaat voor duurzaam - SEED Architects","isPartOf":{"@id":"https:\/\/www.seedarchitects.nl\/nl\/#website"},"datePublished":"2016-11-15T21:14:54+00:00","dateModified":"2017-02-28T08:42:35+00:00","description":"Wij staan achter een duurzame ontwikkeling van projecten. Duurzaam bouwen, kosten bewust ontwerpen en energiezuinig bouwen.","breadcrumb":{"@id":"https:\/\/www.seedarchitects.nl\/nl\/sustainability\/#breadcrumb"},"inLanguage":"nl-NL","potentialAction":[{"@type":"ReadAction","target":["https:\/\/www.seedarchitects.nl\/nl\/sustainability\/"]}]},{"@type":"BreadcrumbList","@id":"https:\/\/www.seedarchitects.nl\/nl\/sustainability\/#breadcrumb","itemListElement":[{"@type":"ListItem","position":1,"name":"Home","item":"https:\/\/www.seedarchitects.nl\/nl\/"},{"@type":"ListItem","position":2,"name":"Sustainability"}]},{"@type":"WebSite","@id":"https:\/\/www.seedarchitects.nl\/nl\/#website","url":"https:\/\/www.seedarchitects.nl\/nl\/","name":"SEED architects","description":"Goede architectuur volgt op een goed conceptuele analyse.","potentialAction":[{"@type":"SearchAction","target":{"@type":"EntryPoint","urlTemplate":"https:\/\/www.seedarchitects.nl\/nl\/?s={search_term_string}"},"query-input":"required name=search_term_string"}],"inLanguage":"nl-NL"}]}},"_links":{"self":[{"href":"https:\/\/www.seedarchitects.nl\/nl\/wp-json\/wp\/v2\/pages\/2157","targetHints":{"allow":["GET"]}}],"collection":[{"href":"https:\/\/www.seedarchitects.nl\/nl\/wp-json\/wp\/v2\/pages"}],"about":[{"href":"https:\/\/www.seedarchitects.nl\/nl\/wp-json\/wp\/v2\/types\/page"}],"author":[{"embeddable":true,"href":"https:\/\/www.seedarchitects.nl\/nl\/wp-json\/wp\/v2\/users\/2"}],"replies":[{"embeddable":true,"href":"https:\/\/www.seedarchitects.nl\/nl\/wp-json\/wp\/v2\/comments?post=2157"}],"version-history":[{"count":39,"href":"https:\/\/www.seedarchitects.nl\/nl\/wp-json\/wp\/v2\/pages\/2157\/revisions"}],"predecessor-version":[{"id":2803,"href":"https:\/\/www.seedarchitects.nl\/nl\/wp-json\/wp\/v2\/pages\/2157\/revisions\/2803"}],"wp:featuredmedia":[{"embeddable":true,"href":"https:\/\/www.seedarchitects.nl\/nl\/wp-json\/wp\/v2\/media\/2170"}],"wp:attachment":[{"href":"https:\/\/www.seedarchitects.nl\/nl\/wp-json\/wp\/v2\/media?parent=2157"}],"curies":[{"name":"wp","href":"https:\/\/api.w.org\/{rel}","templated":true}]}}